{"id":3121,"date":"2025-03-12T16:00:22","date_gmt":"2025-03-12T15:00:22","guid":{"rendered":"https:\/\/360vertikal.com\/thank-you\/"},"modified":"2025-03-12T16:12:58","modified_gmt":"2025-03-12T15:12:58","slug":"thank-you","status":"publish","type":"page","link":"https:\/\/360vertikal.com\/ca\/thank-you\/","title":{"rendered":"Thank You"},"content":{"rendered":"\t\t<div data-elementor-type=\"wp-page\" data-elementor-id=\"3121\" class=\"elementor elementor-3121 elementor-3115\" data-elementor-post-type=\"page\">\n\t\t\t\t\t\t<section class=\"elementor-section elementor-top-section elementor-element elementor-element-9ac3857 elementor-section-boxed elementor-section-height-default elementor-section-height-default\" data-id=\"9ac3857\" data-element_type=\"section\" data-e-type=\"section\" data-settings=\"{&quot;background_background&quot;:&quot;classic&quot;}\">\n\t\t\t\t\t\t\t<div class=\"elementor-background-overlay\"><\/div>\n\t\t\t\t\t\t\t<div class=\"elementor-container elementor-column-gap-default\">\n\t\t\t\t\t<div class=\"elementor-column elementor-col-100 elementor-top-column elementor-element elementor-element-071215e\" data-id=\"071215e\" data-element_type=\"column\" data-e-type=\"column\">\n\t\t\t<div class=\"elementor-widget-wrap elementor-element-populated\">\n\t\t\t\t\t\t<div class=\"elementor-element elementor-element-3ca6711 elementor-widget elementor-widget-heading\" data-id=\"3ca6711\" data-element_type=\"widget\" data-e-type=\"widget\" data-widget_type=\"heading.default\">\n\t\t\t\t<div class=\"elementor-widget-container\">\n\t\t\t\t\t<h1 class=\"elementor-heading-title elementor-size-default\">Gr\u00e0cies per la vostra confian\u00e7a!\n\n<\/h1>\t\t\t\t<\/div>\n\t\t\t\t<\/div>\n\t\t\t\t<div class=\"elementor-element elementor-element-7978734 elementor-widget-divider--view-line elementor-widget elementor-widget-divider\" data-id=\"7978734\" data-element_type=\"widget\" data-e-type=\"widget\" data-widget_type=\"divider.default\">\n\t\t\t\t<div class=\"elementor-widget-container\">\n\t\t\t\t\t\t\t<div class=\"elementor-divider\">\n\t\t\t<span class=\"elementor-divider-separator\">\n\t\t\t\t\t\t<\/span>\n\t\t<\/div>\n\t\t\t\t\t\t<\/div>\n\t\t\t\t<\/div>\n\t\t\t\t<div class=\"elementor-element elementor-element-4d24d06 elementor-widget__width-initial elementor-widget elementor-widget-text-editor\" data-id=\"4d24d06\" data-element_type=\"widget\" data-e-type=\"widget\" data-widget_type=\"text-editor.default\">\n\t\t\t\t<div class=\"elementor-widget-container\">\n\t\t\t\t\t\t\t\t\t<p>Hem rebut la teva sol\u00b7licitud i ens posarem en contacte amb tu el m\u00e9s aviat possible.<\/p>\n<p>Si necessites m\u00e9s informaci\u00f3, no dubtis a escriure&#8217;ns. Mentrestant, us convidem a seguir explorant la nostra web. <\/p>\n\t\t\t\t\t\t\t\t<\/div>\n\t\t\t\t<\/div>\n\t\t\t\t\t<\/div>\n\t\t<\/div>\n\t\t\t\t\t<\/div>\n\t\t<\/section>\n\t\t\t\t<\/div>\n\t\t","protected":false},"excerpt":{"rendered":"<p>Gr\u00e0cies per la vostra confian\u00e7a! Hem rebut la teva sol\u00b7licitud i ens posarem en contacte amb tu el m\u00e9s aviat possible. Si necessites m\u00e9s informaci\u00f3, no dubtis a escriure&#8217;ns. Mentrestant, us convidem a seguir explorant la nostra web.<\/p>\n","protected":false},"author":2,"featured_media":0,"parent":0,"menu_order":0,"comment_status":"closed","ping_status":"closed","template":"","meta":{"_acf_changed":false,"inline_featured_image":false,"footnotes":""},"class_list":["post-3121","page","type-page","status-publish","hentry"],"acf":[],"yoast_head":"<!-- This site is optimized with the Yoast SEO plugin v27.4 - https:\/\/yoast.com\/product\/yoast-seo-wordpress\/ -->\n<title>\u25b7Thank You - \u3010 360 Vertikal \u3011<\/title>\n<meta name=\"description\" content=\"Gr\u00e0cies per la vostra confian\u00e7a! Hem rebut la teva sol\u00b7licitud i ens posarem en contacte amb tu el m\u00e9s aviat possible. Si necessites m\u00e9s informaci\u00f3, no \u2713\" \/>\n<meta name=\"robots\" content=\"index, follow, max-snippet:-1, max-image-preview:large, max-video-preview:-1\" \/>\n<link rel=\"canonical\" href=\"https:\/\/360vertikal.com\/ca\/thank-you\/\" \/>\n<meta property=\"og:locale\" content=\"ca_ES\" \/>\n<meta property=\"og:type\" content=\"article\" \/>\n<meta property=\"og:title\" content=\"\u25b7Thank You - \u3010 360 Vertikal \u3011\" \/>\n<meta property=\"og:description\" content=\"Gr\u00e0cies per la vostra confian\u00e7a! Hem rebut la teva sol\u00b7licitud i ens posarem en contacte amb tu el m\u00e9s aviat possible. Si necessites m\u00e9s informaci\u00f3, no \u2713\" \/>\n<meta property=\"og:url\" content=\"https:\/\/360vertikal.com\/ca\/thank-you\/\" \/>\n<meta property=\"og:site_name\" content=\"360 Vertikal\" \/>\n<meta property=\"article:modified_time\" content=\"2025-03-12T15:12:58+00:00\" \/>\n<meta name=\"twitter:card\" content=\"summary_large_image\" \/>\n<!-- \/ Yoast SEO plugin. -->","yoast_head_json":{"title":"\u25b7Thank You - \u3010 360 Vertikal \u3011","description":"Gr\u00e0cies per la vostra confian\u00e7a! Hem rebut la teva sol\u00b7licitud i ens posarem en contacte amb tu el m\u00e9s aviat possible. Si necessites m\u00e9s informaci\u00f3, no \u2713","robots":{"index":"index","follow":"follow","max-snippet":"max-snippet:-1","max-image-preview":"max-image-preview:large","max-video-preview":"max-video-preview:-1"},"canonical":"https:\/\/360vertikal.com\/ca\/thank-you\/","og_locale":"ca_ES","og_type":"article","og_title":"\u25b7Thank You - \u3010 360 Vertikal \u3011","og_description":"Gr\u00e0cies per la vostra confian\u00e7a! Hem rebut la teva sol\u00b7licitud i ens posarem en contacte amb tu el m\u00e9s aviat possible. Si necessites m\u00e9s informaci\u00f3, no \u2713","og_url":"https:\/\/360vertikal.com\/ca\/thank-you\/","og_site_name":"360 Vertikal","article_modified_time":"2025-03-12T15:12:58+00:00","twitter_card":"summary_large_image","schema":{"@context":"https:\/\/schema.org","@graph":[{"@type":"WebPage","@id":"https:\/\/360vertikal.com\/ca\/thank-you\/","url":"https:\/\/360vertikal.com\/ca\/thank-you\/","name":"\u25b7Thank You - \u3010 360 Vertikal \u3011","isPartOf":{"@id":"https:\/\/360vertikal.com\/#website"},"datePublished":"2025-03-12T15:00:22+00:00","dateModified":"2025-03-12T15:12:58+00:00","description":"Gr\u00e0cies per la vostra confian\u00e7a! Hem rebut la teva sol\u00b7licitud i ens posarem en contacte amb tu el m\u00e9s aviat possible. Si necessites m\u00e9s informaci\u00f3, no \u2713","breadcrumb":{"@id":"https:\/\/360vertikal.com\/ca\/thank-you\/#breadcrumb"},"inLanguage":"ca","potentialAction":[{"@type":"ReadAction","target":["https:\/\/360vertikal.com\/ca\/thank-you\/"]}]},{"@type":"BreadcrumbList","@id":"https:\/\/360vertikal.com\/ca\/thank-you\/#breadcrumb","itemListElement":[{"@type":"ListItem","position":1,"name":"Portada","item":"https:\/\/360vertikal.com\/"},{"@type":"ListItem","position":2,"name":"Thank You"}]},{"@type":"WebSite","@id":"https:\/\/360vertikal.com\/#website","url":"https:\/\/360vertikal.com\/","name":"360 Vertikal","description":"","potentialAction":[{"@type":"SearchAction","target":{"@type":"EntryPoint","urlTemplate":"https:\/\/360vertikal.com\/?s={search_term_string}"},"query-input":{"@type":"PropertyValueSpecification","valueRequired":true,"valueName":"search_term_string"}}],"inLanguage":"ca"}]}},"_links":{"self":[{"href":"https:\/\/360vertikal.com\/ca\/wp-json\/wp\/v2\/pages\/3121","targetHints":{"allow":["GET"]}}],"collection":[{"href":"https:\/\/360vertikal.com\/ca\/wp-json\/wp\/v2\/pages"}],"about":[{"href":"https:\/\/360vertikal.com\/ca\/wp-json\/wp\/v2\/types\/page"}],"author":[{"embeddable":true,"href":"https:\/\/360vertikal.com\/ca\/wp-json\/wp\/v2\/users\/2"}],"replies":[{"embeddable":true,"href":"https:\/\/360vertikal.com\/ca\/wp-json\/wp\/v2\/comments?post=3121"}],"version-history":[{"count":3,"href":"https:\/\/360vertikal.com\/ca\/wp-json\/wp\/v2\/pages\/3121\/revisions"}],"predecessor-version":[{"id":3124,"href":"https:\/\/360vertikal.com\/ca\/wp-json\/wp\/v2\/pages\/3121\/revisions\/3124"}],"wp:attachment":[{"href":"https:\/\/360vertikal.com\/ca\/wp-json\/wp\/v2\/media?parent=3121"}],"curies":[{"name":"wp","href":"https:\/\/api.w.org\/{rel}","templated":true}]}}